{"id":1090,"date":"2020-06-30T11:00:58","date_gmt":"2020-06-30T09:00:58","guid":{"rendered":"http:\/\/cestlete.be\/?page_id=1090"},"modified":"2022-06-01T09:30:00","modified_gmt":"2022-06-01T07:30:00","slug":"techniques-de-cirque","status":"publish","type":"page","link":"https:\/\/cestlete.be\/index.php\/techniques-de-cirque\/","title":{"rendered":"Initiation aux techniques de Cirque"},"content":{"rendered":"\n<p>Les techniques de cirque peuvent se classer dans la cat\u00e9gorie \u00ab\u00a0Sport de spectacle\u00a0\u00bb. M\u00ealant \u00e0 la fois&nbsp;<strong>le sport et l\u2019art<\/strong>, cette pratique aux multiples disciplines (jonglage, clown, \u00e9quilibre sur objets, acrobaties\u2026) est accessible \u00e0 tous . L\u2019aspect \u00ab\u00a0sportif\u00a0\u00bb va privil\u00e9gier la technique, la beaut\u00e9 du geste et le travail d\u2019entra\u00eenement. Le \u00ab\u00a0spectacle\u00a0\u00bb va susciter l\u2019imagination, la cr\u00e9ativit\u00e9 et l\u2019originalit\u00e9.<\/p>\n\n\n\n<p>Travailler en s\u2019amusant, sans pr\u00e9tendre \u00e0 des exploits, mais pouvoir aider toute personne \u00e0 se d\u00e9couvrir (prise de conscience du corps, d\u00e9couverte des \u00e9motions, rapport et r\u00e9action vis-\u00e0-vis du groupe) et \u00e0 s\u2019exprimer gr\u00e2ce aux techniques de la jonglerie, de l\u2019acrobatie, de la magie, voil\u00e0 les buts de ce stage men\u00e9 en partenariat avec l&rsquo;ASBL M\u00f4me Circus.&nbsp;<\/p>\n\n\n\n<p>Port&rsquo;ouverte : 069\/21.14.35 contact@portouverte.net<br>Masure 14 : 069\/22.02.76 \u2013&nbsp;<a href=\"mailto:dominique@masure14.be\">dominique@masure14.be<\/a><\/p>\n\n\n\n<figure class=\"wp-block-image size-large\"><img loading=\"lazy\" decoding=\"async\" width=\"1024\" height=\"768\" src=\"http:\/\/cestlete.be\/wp-content\/uploads\/2022\/06\/IMG_9308-1024x768.jpeg\" alt=\"\" class=\"wp-image-1520\" srcset=\"https:\/\/cestlete.be\/wp-content\/uploads\/2022\/06\/IMG_9308-1024x768.jpeg 1024w, https:\/\/cestlete.be\/wp-content\/uploads\/2022\/06\/IMG_9308-400x300.jpeg 400w, https:\/\/cestlete.be\/wp-content\/uploads\/2022\/06\/IMG_9308-768x576.jpeg 768w, https:\/\/cestlete.be\/wp-content\/uploads\/2022\/06\/IMG_9308-1536x1152.jpeg 1536w, https:\/\/cestlete.be\/wp-content\/uploads\/2022\/06\/IMG_9308-2048x1536.jpeg 2048w, https:\/\/cestlete.be\/wp-content\/uploads\/2022\/06\/IMG_9308-920x690.jpeg 920w, https:\/\/cestlete.be\/wp-content\/uploads\/2022\/06\/IMG_9308-230x173.jpeg 230w, https:\/\/cestlete.be\/wp-content\/uploads\/2022\/06\/IMG_9308-350x263.jpeg 350w, https:\/\/cestlete.be\/wp-content\/uploads\/2022\/06\/IMG_9308-480x360.jpeg 480w\" sizes=\"(max-width: 1024px) 100vw, 1024px\" \/><\/figure>\n\n\n\n<p>En collaboration avec <a href=\"https:\/\/momescircus.be\/root_v4\/\">M\u00f4me Circus<\/a> <\/p>\n","protected":false},"excerpt":{"rendered":"<p>Les techniques de cirque peuvent se classer dans la cat\u00e9gorie [&hellip;]<\/p>\n","protected":false},"author":1,"featured_media":0,"parent":0,"menu_order":0,"comment_status":"closed","ping_status":"closed","template":"","meta":{"footnotes":""},"_links":{"self":[{"href":"https:\/\/cestlete.be\/index.php\/wp-json\/wp\/v2\/pages\/1090"}],"collection":[{"href":"https:\/\/cestlete.be\/index.php\/wp-json\/wp\/v2\/pages"}],"about":[{"href":"https:\/\/cestlete.be\/index.php\/wp-json\/wp\/v2\/types\/page"}],"author":[{"embeddable":true,"href":"https:\/\/cestlete.be\/index.php\/wp-json\/wp\/v2\/users\/1"}],"replies":[{"embeddable":true,"href":"https:\/\/cestlete.be\/index.php\/wp-json\/wp\/v2\/comments?post=1090"}],"version-history":[{"count":5,"href":"https:\/\/cestlete.be\/index.php\/wp-json\/wp\/v2\/pages\/1090\/revisions"}],"predecessor-version":[{"id":1521,"href":"https:\/\/cestlete.be\/index.php\/wp-json\/wp\/v2\/pages\/1090\/revisions\/1521"}],"wp:attachment":[{"href":"https:\/\/cestlete.be\/index.php\/wp-json\/wp\/v2\/media?parent=1090"}],"curies":[{"name":"wp","href":"https:\/\/api.w.org\/{rel}","templated":true}]}}