{"id":1394,"date":"2022-05-24T14:18:31","date_gmt":"2022-05-24T12:18:31","guid":{"rendered":"http:\/\/cestlete.be\/?page_id=1394"},"modified":"2024-06-03T20:53:51","modified_gmt":"2024-06-03T18:53:51","slug":"camp-zero-dechet","status":"publish","type":"page","link":"https:\/\/cestlete.be\/index.php\/camp-zero-dechet\/","title":{"rendered":"Camp z\u00e9ro d\u00e9chet"},"content":{"rendered":"\n<h4 class=\"wp-block-heading\">Un camp <em><span class=\"has-inline-color has-pale-cyan-blue-color\">presque<\/span><\/em> z\u00e9ro d\u00e9chet en pleine nature<\/h4>\n\n\n\n<p>Le Camp, sous tente, s&rsquo;\u00e9rige au milieu des bois ; en pleine nature ; sans eau courante et sans \u00e9lectricit\u00e9.<\/p>\n\n\n\n<p>L&rsquo;objectif du camp est de ne pas produire de d\u00e9chet. <\/p>\n\n\n\n<p>Le d\u00e9fi du camp est de ne produire aucun d\u00e9chet. Certaines journ\u00e9es stages propos\u00e9s cet \u00e9t\u00e9 permettent de participer \u00e0 la confection des cosm\u00e9tiques et des diff\u00e9rents consommables que nous utiliserons pendant le camp.<\/p>\n\n\n\n<p>Nous invitons chaque participant au camp \u00e0 s&rsquo;inscrire \u00e0 au moins un de ces stages. Nous demandons aussi de veiller au respect de cette consigne qui est au c\u0153ur du projet de ce camp. Les produits cosm\u00e9tiques r\u00e9alis\u00e9s au stage DIY seront fourni durant le camp ; ils ne devront donc pas prendre de d\u00e9odorant, de savon, de shampoing ou de dentifrice. Ils recevront chacun une brosse \u00e0 dent en bois recyclable. Sur place nous aurons des go\u00fbters confectionn\u00e9s avec les jeunes mais aussi de l\u2019eau et des sirops provenant de bouteilles en verre.<br><br>Nous demandons aux jeunes de veiller \u00e0 bien respecter le principe du camp Par exemple, si le participant veut emporter des bonbons ou des biscuits ; ceux-ci devront imp\u00e9rativement \u00eatre acheter en vrac ou cuisin\u00e9s \u00ab&nbsp;maison&nbsp;\u00bb dans l\u2019esprit \u00ab&nbsp;z\u00e9ro d\u00e9chet&nbsp;\u00bb et transport\u00e9s dans un sac en papier ou une bo\u00eete r\u00e9utilisable. Pour les boissons, les jeunes devront obligatoirement utiliser une gourde dont le contenu ne doit pas provenir d\u2019un contenant en plastique. <\/p>\n\n\n\n<figure class=\"wp-block-gallery has-nested-images columns-default is-cropped wp-block-gallery-1 is-layout-flex wp-block-gallery-is-layout-flex\">\n<figure class=\"wp-block-image size-large\"><img loading=\"lazy\" decoding=\"async\" width=\"1024\" height=\"770\" data-id=\"1397\" src=\"http:\/\/cestlete.be\/wp-content\/uploads\/2022\/05\/EmbeddedImage-1024x770.jpg\" alt=\"\" class=\"wp-image-1397\" srcset=\"https:\/\/cestlete.be\/wp-content\/uploads\/2022\/05\/EmbeddedImage-1024x770.jpg 1024w, https:\/\/cestlete.be\/wp-content\/uploads\/2022\/05\/EmbeddedImage-400x301.jpg 400w, https:\/\/cestlete.be\/wp-content\/uploads\/2022\/05\/EmbeddedImage-768x577.jpg 768w, https:\/\/cestlete.be\/wp-content\/uploads\/2022\/05\/EmbeddedImage-920x691.jpg 920w, https:\/\/cestlete.be\/wp-content\/uploads\/2022\/05\/EmbeddedImage-230x173.jpg 230w, https:\/\/cestlete.be\/wp-content\/uploads\/2022\/05\/EmbeddedImage-350x263.jpg 350w, https:\/\/cestlete.be\/wp-content\/uploads\/2022\/05\/EmbeddedImage-480x361.jpg 480w, https:\/\/cestlete.be\/wp-content\/uploads\/2022\/05\/EmbeddedImage.jpg 1280w\" sizes=\"(max-width: 1024px) 100vw, 1024px\" \/><\/figure>\n\n\n\n<figure class=\"wp-block-image size-large\"><img loading=\"lazy\" decoding=\"async\" width=\"1024\" height=\"768\" data-id=\"1398\" src=\"http:\/\/cestlete.be\/wp-content\/uploads\/2022\/05\/IMG_9666-1024x768.jpeg\" alt=\"\" class=\"wp-image-1398\" srcset=\"https:\/\/cestlete.be\/wp-content\/uploads\/2022\/05\/IMG_9666-1024x768.jpeg 1024w, https:\/\/cestlete.be\/wp-content\/uploads\/2022\/05\/IMG_9666-400x300.jpeg 400w, https:\/\/cestlete.be\/wp-content\/uploads\/2022\/05\/IMG_9666-768x576.jpeg 768w, https:\/\/cestlete.be\/wp-content\/uploads\/2022\/05\/IMG_9666-1536x1152.jpeg 1536w, https:\/\/cestlete.be\/wp-content\/uploads\/2022\/05\/IMG_9666-2048x1536.jpeg 2048w, https:\/\/cestlete.be\/wp-content\/uploads\/2022\/05\/IMG_9666-920x690.jpeg 920w, https:\/\/cestlete.be\/wp-content\/uploads\/2022\/05\/IMG_9666-230x173.jpeg 230w, https:\/\/cestlete.be\/wp-content\/uploads\/2022\/05\/IMG_9666-350x263.jpeg 350w, https:\/\/cestlete.be\/wp-content\/uploads\/2022\/05\/IMG_9666-480x360.jpeg 480w\" sizes=\"(max-width: 1024px) 100vw, 1024px\" \/><\/figure>\n\n\n\n<figure class=\"wp-block-image size-large\"><img loading=\"lazy\" decoding=\"async\" width=\"1024\" height=\"768\" data-id=\"1399\" src=\"http:\/\/cestlete.be\/wp-content\/uploads\/2022\/05\/IMG_9743-1024x768.jpeg\" alt=\"\" class=\"wp-image-1399\" srcset=\"https:\/\/cestlete.be\/wp-content\/uploads\/2022\/05\/IMG_9743-1024x768.jpeg 1024w, https:\/\/cestlete.be\/wp-content\/uploads\/2022\/05\/IMG_9743-400x300.jpeg 400w, https:\/\/cestlete.be\/wp-content\/uploads\/2022\/05\/IMG_9743-768x576.jpeg 768w, https:\/\/cestlete.be\/wp-content\/uploads\/2022\/05\/IMG_9743-1536x1152.jpeg 1536w, https:\/\/cestlete.be\/wp-content\/uploads\/2022\/05\/IMG_9743-2048x1536.jpeg 2048w, https:\/\/cestlete.be\/wp-content\/uploads\/2022\/05\/IMG_9743-920x690.jpeg 920w, https:\/\/cestlete.be\/wp-content\/uploads\/2022\/05\/IMG_9743-230x173.jpeg 230w, https:\/\/cestlete.be\/wp-content\/uploads\/2022\/05\/IMG_9743-350x263.jpeg 350w, https:\/\/cestlete.be\/wp-content\/uploads\/2022\/05\/IMG_9743-480x360.jpeg 480w\" sizes=\"(max-width: 1024px) 100vw, 1024px\" \/><\/figure>\n\n\n\n<figure class=\"wp-block-image size-large\"><img loading=\"lazy\" decoding=\"async\" width=\"1024\" height=\"768\" data-id=\"1400\" src=\"http:\/\/cestlete.be\/wp-content\/uploads\/2022\/05\/IMG_9773-1024x768.jpeg\" alt=\"\" class=\"wp-image-1400\" srcset=\"https:\/\/cestlete.be\/wp-content\/uploads\/2022\/05\/IMG_9773-1024x768.jpeg 1024w, https:\/\/cestlete.be\/wp-content\/uploads\/2022\/05\/IMG_9773-400x300.jpeg 400w, https:\/\/cestlete.be\/wp-content\/uploads\/2022\/05\/IMG_9773-768x576.jpeg 768w, https:\/\/cestlete.be\/wp-content\/uploads\/2022\/05\/IMG_9773-1536x1152.jpeg 1536w, https:\/\/cestlete.be\/wp-content\/uploads\/2022\/05\/IMG_9773-2048x1536.jpeg 2048w, https:\/\/cestlete.be\/wp-content\/uploads\/2022\/05\/IMG_9773-920x690.jpeg 920w, https:\/\/cestlete.be\/wp-content\/uploads\/2022\/05\/IMG_9773-230x173.jpeg 230w, https:\/\/cestlete.be\/wp-content\/uploads\/2022\/05\/IMG_9773-350x263.jpeg 350w, https:\/\/cestlete.be\/wp-content\/uploads\/2022\/05\/IMG_9773-480x360.jpeg 480w\" sizes=\"(max-width: 1024px) 100vw, 1024px\" \/><\/figure>\n\n\n\n<figure class=\"wp-block-image size-large\"><img loading=\"lazy\" decoding=\"async\" width=\"1024\" height=\"768\" data-id=\"1401\" src=\"http:\/\/cestlete.be\/wp-content\/uploads\/2022\/05\/IMG_9872-1024x768.jpeg\" alt=\"\" class=\"wp-image-1401\" srcset=\"https:\/\/cestlete.be\/wp-content\/uploads\/2022\/05\/IMG_9872-1024x768.jpeg 1024w, https:\/\/cestlete.be\/wp-content\/uploads\/2022\/05\/IMG_9872-400x300.jpeg 400w, https:\/\/cestlete.be\/wp-content\/uploads\/2022\/05\/IMG_9872-768x576.jpeg 768w, https:\/\/cestlete.be\/wp-content\/uploads\/2022\/05\/IMG_9872-1536x1152.jpeg 1536w, https:\/\/cestlete.be\/wp-content\/uploads\/2022\/05\/IMG_9872-2048x1536.jpeg 2048w, https:\/\/cestlete.be\/wp-content\/uploads\/2022\/05\/IMG_9872-920x690.jpeg 920w, https:\/\/cestlete.be\/wp-content\/uploads\/2022\/05\/IMG_9872-230x173.jpeg 230w, https:\/\/cestlete.be\/wp-content\/uploads\/2022\/05\/IMG_9872-350x263.jpeg 350w, https:\/\/cestlete.be\/wp-content\/uploads\/2022\/05\/IMG_9872-480x360.jpeg 480w\" sizes=\"(max-width: 1024px) 100vw, 1024px\" \/><\/figure>\n\n\n\n<figure class=\"wp-block-image size-large\"><img loading=\"lazy\" decoding=\"async\" width=\"1024\" height=\"768\" data-id=\"1402\" src=\"http:\/\/cestlete.be\/wp-content\/uploads\/2022\/05\/IMG_9893-1024x768.jpeg\" alt=\"\" class=\"wp-image-1402\" srcset=\"https:\/\/cestlete.be\/wp-content\/uploads\/2022\/05\/IMG_9893-1024x768.jpeg 1024w, https:\/\/cestlete.be\/wp-content\/uploads\/2022\/05\/IMG_9893-400x300.jpeg 400w, https:\/\/cestlete.be\/wp-content\/uploads\/2022\/05\/IMG_9893-768x576.jpeg 768w, https:\/\/cestlete.be\/wp-content\/uploads\/2022\/05\/IMG_9893-1536x1152.jpeg 1536w, https:\/\/cestlete.be\/wp-content\/uploads\/2022\/05\/IMG_9893-2048x1536.jpeg 2048w, https:\/\/cestlete.be\/wp-content\/uploads\/2022\/05\/IMG_9893-920x690.jpeg 920w, https:\/\/cestlete.be\/wp-content\/uploads\/2022\/05\/IMG_9893-230x173.jpeg 230w, https:\/\/cestlete.be\/wp-content\/uploads\/2022\/05\/IMG_9893-350x263.jpeg 350w, https:\/\/cestlete.be\/wp-content\/uploads\/2022\/05\/IMG_9893-480x360.jpeg 480w\" sizes=\"(max-width: 1024px) 100vw, 1024px\" \/><\/figure>\n\n\n\n<figure class=\"wp-block-image size-large\"><img loading=\"lazy\" decoding=\"async\" width=\"1024\" height=\"768\" data-id=\"1404\" src=\"http:\/\/cestlete.be\/wp-content\/uploads\/2022\/05\/IMG_20210817_110718-1024x768.jpg\" alt=\"\" class=\"wp-image-1404\" srcset=\"https:\/\/cestlete.be\/wp-content\/uploads\/2022\/05\/IMG_20210817_110718-1024x768.jpg 1024w, https:\/\/cestlete.be\/wp-content\/uploads\/2022\/05\/IMG_20210817_110718-400x300.jpg 400w, https:\/\/cestlete.be\/wp-content\/uploads\/2022\/05\/IMG_20210817_110718-768x576.jpg 768w, https:\/\/cestlete.be\/wp-content\/uploads\/2022\/05\/IMG_20210817_110718-1536x1152.jpg 1536w, https:\/\/cestlete.be\/wp-content\/uploads\/2022\/05\/IMG_20210817_110718-2048x1536.jpg 2048w, https:\/\/cestlete.be\/wp-content\/uploads\/2022\/05\/IMG_20210817_110718-920x690.jpg 920w, https:\/\/cestlete.be\/wp-content\/uploads\/2022\/05\/IMG_20210817_110718-230x173.jpg 230w, https:\/\/cestlete.be\/wp-content\/uploads\/2022\/05\/IMG_20210817_110718-350x263.jpg 350w, https:\/\/cestlete.be\/wp-content\/uploads\/2022\/05\/IMG_20210817_110718-480x360.jpg 480w\" sizes=\"(max-width: 1024px) 100vw, 1024px\" \/><\/figure>\n\n\n\n<figure class=\"wp-block-image size-large\"><img loading=\"lazy\" decoding=\"async\" width=\"1024\" height=\"768\" data-id=\"1405\" src=\"http:\/\/cestlete.be\/wp-content\/uploads\/2022\/05\/IMG_20210817_110848-1024x768.jpg\" alt=\"\" class=\"wp-image-1405\" srcset=\"https:\/\/cestlete.be\/wp-content\/uploads\/2022\/05\/IMG_20210817_110848-1024x768.jpg 1024w, https:\/\/cestlete.be\/wp-content\/uploads\/2022\/05\/IMG_20210817_110848-400x300.jpg 400w, https:\/\/cestlete.be\/wp-content\/uploads\/2022\/05\/IMG_20210817_110848-768x576.jpg 768w, https:\/\/cestlete.be\/wp-content\/uploads\/2022\/05\/IMG_20210817_110848-1536x1152.jpg 1536w, https:\/\/cestlete.be\/wp-content\/uploads\/2022\/05\/IMG_20210817_110848-2048x1536.jpg 2048w, https:\/\/cestlete.be\/wp-content\/uploads\/2022\/05\/IMG_20210817_110848-920x690.jpg 920w, https:\/\/cestlete.be\/wp-content\/uploads\/2022\/05\/IMG_20210817_110848-230x172.jpg 230w, https:\/\/cestlete.be\/wp-content\/uploads\/2022\/05\/IMG_20210817_110848-350x262.jpg 350w, https:\/\/cestlete.be\/wp-content\/uploads\/2022\/05\/IMG_20210817_110848-480x360.jpg 480w\" sizes=\"(max-width: 1024px) 100vw, 1024px\" \/><\/figure>\n\n\n\n<figure class=\"wp-block-image size-large\"><img loading=\"lazy\" decoding=\"async\" width=\"1024\" height=\"770\" data-id=\"1395\" src=\"http:\/\/cestlete.be\/wp-content\/uploads\/2022\/05\/EmbeddedImage-1-1024x770.jpg\" alt=\"\" class=\"wp-image-1395\" srcset=\"https:\/\/cestlete.be\/wp-content\/uploads\/2022\/05\/EmbeddedImage-1-1024x770.jpg 1024w, https:\/\/cestlete.be\/wp-content\/uploads\/2022\/05\/EmbeddedImage-1-400x301.jpg 400w, https:\/\/cestlete.be\/wp-content\/uploads\/2022\/05\/EmbeddedImage-1-768x577.jpg 768w, https:\/\/cestlete.be\/wp-content\/uploads\/2022\/05\/EmbeddedImage-1-920x691.jpg 920w, https:\/\/cestlete.be\/wp-content\/uploads\/2022\/05\/EmbeddedImage-1-230x173.jpg 230w, https:\/\/cestlete.be\/wp-content\/uploads\/2022\/05\/EmbeddedImage-1-350x263.jpg 350w, https:\/\/cestlete.be\/wp-content\/uploads\/2022\/05\/EmbeddedImage-1-480x361.jpg 480w, https:\/\/cestlete.be\/wp-content\/uploads\/2022\/05\/EmbeddedImage-1.jpg 1280w\" sizes=\"(max-width: 1024px) 100vw, 1024px\" \/><\/figure>\n\n\n\n<figure class=\"wp-block-image size-large\"><img loading=\"lazy\" decoding=\"async\" width=\"1024\" height=\"768\" data-id=\"1406\" src=\"http:\/\/cestlete.be\/wp-content\/uploads\/2022\/05\/IMG_20210817_111252-1024x768.jpg\" alt=\"\" class=\"wp-image-1406\" srcset=\"https:\/\/cestlete.be\/wp-content\/uploads\/2022\/05\/IMG_20210817_111252-1024x768.jpg 1024w, https:\/\/cestlete.be\/wp-content\/uploads\/2022\/05\/IMG_20210817_111252-400x300.jpg 400w, https:\/\/cestlete.be\/wp-content\/uploads\/2022\/05\/IMG_20210817_111252-768x576.jpg 768w, https:\/\/cestlete.be\/wp-content\/uploads\/2022\/05\/IMG_20210817_111252-1536x1152.jpg 1536w, https:\/\/cestlete.be\/wp-content\/uploads\/2022\/05\/IMG_20210817_111252-2048x1536.jpg 2048w, https:\/\/cestlete.be\/wp-content\/uploads\/2022\/05\/IMG_20210817_111252-920x690.jpg 920w, https:\/\/cestlete.be\/wp-content\/uploads\/2022\/05\/IMG_20210817_111252-230x173.jpg 230w, https:\/\/cestlete.be\/wp-content\/uploads\/2022\/05\/IMG_20210817_111252-350x263.jpg 350w, https:\/\/cestlete.be\/wp-content\/uploads\/2022\/05\/IMG_20210817_111252-480x360.jpg 480w\" sizes=\"(max-width: 1024px) 100vw, 1024px\" \/><\/figure>\n\n\n\n<figure class=\"wp-block-image size-large\"><img loading=\"lazy\" decoding=\"async\" width=\"1024\" height=\"768\" data-id=\"1407\" src=\"http:\/\/cestlete.be\/wp-content\/uploads\/2022\/05\/IMG_20210817_131627-1024x768.jpg\" alt=\"\" class=\"wp-image-1407\" srcset=\"https:\/\/cestlete.be\/wp-content\/uploads\/2022\/05\/IMG_20210817_131627-1024x768.jpg 1024w, https:\/\/cestlete.be\/wp-content\/uploads\/2022\/05\/IMG_20210817_131627-400x300.jpg 400w, https:\/\/cestlete.be\/wp-content\/uploads\/2022\/05\/IMG_20210817_131627-768x576.jpg 768w, https:\/\/cestlete.be\/wp-content\/uploads\/2022\/05\/IMG_20210817_131627-1536x1152.jpg 1536w, https:\/\/cestlete.be\/wp-content\/uploads\/2022\/05\/IMG_20210817_131627-2048x1536.jpg 2048w, https:\/\/cestlete.be\/wp-content\/uploads\/2022\/05\/IMG_20210817_131627-920x690.jpg 920w, https:\/\/cestlete.be\/wp-content\/uploads\/2022\/05\/IMG_20210817_131627-230x173.jpg 230w, https:\/\/cestlete.be\/wp-content\/uploads\/2022\/05\/IMG_20210817_131627-350x263.jpg 350w, https:\/\/cestlete.be\/wp-content\/uploads\/2022\/05\/IMG_20210817_131627-480x360.jpg 480w\" sizes=\"(max-width: 1024px) 100vw, 1024px\" \/><\/figure>\n<\/figure>\n","protected":false},"excerpt":{"rendered":"<p>Un camp presque z\u00e9ro d\u00e9chet en pleine nature Le Camp, [&hellip;]<\/p>\n","protected":false},"author":1,"featured_media":0,"parent":0,"menu_order":0,"comment_status":"closed","ping_status":"closed","template":"","meta":{"footnotes":""},"_links":{"self":[{"href":"https:\/\/cestlete.be\/index.php\/wp-json\/wp\/v2\/pages\/1394"}],"collection":[{"href":"https:\/\/cestlete.be\/index.php\/wp-json\/wp\/v2\/pages"}],"about":[{"href":"https:\/\/cestlete.be\/index.php\/wp-json\/wp\/v2\/types\/page"}],"author":[{"embeddable":true,"href":"https:\/\/cestlete.be\/index.php\/wp-json\/wp\/v2\/users\/1"}],"replies":[{"embeddable":true,"href":"https:\/\/cestlete.be\/index.php\/wp-json\/wp\/v2\/comments?post=1394"}],"version-history":[{"count":5,"href":"https:\/\/cestlete.be\/index.php\/wp-json\/wp\/v2\/pages\/1394\/revisions"}],"predecessor-version":[{"id":1660,"href":"https:\/\/cestlete.be\/index.php\/wp-json\/wp\/v2\/pages\/1394\/revisions\/1660"}],"wp:attachment":[{"href":"https:\/\/cestlete.be\/index.php\/wp-json\/wp\/v2\/media?parent=1394"}],"curies":[{"name":"wp","href":"https:\/\/api.w.org\/{rel}","templated":true}]}}