{"id":1619,"date":"2023-06-29T09:03:46","date_gmt":"2023-06-29T07:03:46","guid":{"rendered":"http:\/\/cestlete.be\/?page_id=1619"},"modified":"2023-06-29T09:03:46","modified_gmt":"2023-06-29T07:03:46","slug":"make-green-bag","status":"publish","type":"page","link":"https:\/\/cestlete.be\/index.php\/make-green-bag\/","title":{"rendered":"Make green bag"},"content":{"rendered":"\n<h3 class=\"wp-block-heading\">Cr\u00e9ez votre propre panier de produits \u00e9cologiques, \u00e9conomiques et \u00e9quitables faits maison ! \ud83c\udf3f\ud83d\udc5c<\/h3>\n\n\n\n<p>Le stage invite \u00e0 une consommation plus responsable et \u00e0 confectionner un panier rempli de produits respectueux de l&rsquo;environnement, de votre budget et de l&rsquo;\u00e9quit\u00e9 sociale. Nous explorerons ensemble des alternatives durables pour notre quotidien.<\/p>\n\n\n\n<h3 class=\"wp-block-heading\">Pourquoi participer \u00e0 ce stage ?<\/h3>\n\n\n\n<p>\ud83d\udecd\ufe0f Cr\u00e9ez votre panier \u00e9cologique : Au cours de ce stage, vous apprendrez \u00e0 confectionner votre propre panier de produits \u00e9cologiques faits maison. De la fabrication de produits de nettoyage naturels \u00e0 la pr\u00e9paration de cosm\u00e9tiques bio, vous d\u00e9couvrirez des recettes simples et efficaces utilisant des ingr\u00e9dients respectueux de l&rsquo;environnement. Vous pourrez ainsi prendre soin de vous, de votre maison et de la plan\u00e8te de mani\u00e8re \u00e9conomique et \u00e9cologique.<\/p>\n\n\n\n<p>\ud83d\udcb0 \u00c9conomisez tout en pr\u00e9servant la plan\u00e8te : En apprenant \u00e0 cr\u00e9er vos propres produits \u00e9cologiques, vous ferez des \u00e9conomies tout en r\u00e9duisant votre empreinte environnementale. En \u00e9vitant les produits chimiques nocifs et les emballages excessifs, vous contribuerez \u00e0 pr\u00e9server les ressources naturelles et \u00e0 r\u00e9duire les d\u00e9chets. Faire soi-m\u00eame ses produits devient une solution \u00e9conomique et durable.<\/p>\n\n\n\n<p>\ud83c\udf0e Favorisez l&rsquo;\u00e9quit\u00e9 et le commerce \u00e9quitable : Le stage \u00ab\u00a0Make Green Bag\u00a0\u00bb met l&rsquo;accent sur l&rsquo;utilisation d&rsquo;ingr\u00e9dients \u00e9quitables, soutenant ainsi les producteurs locaux et les communaut\u00e9s engag\u00e9es dans des pratiques durables. Vous d\u00e9couvrirez l&rsquo;importance du commerce \u00e9quitable et du respect des droits des travailleurs. En choisissant des produits \u00e9quitables, vous contribuerez \u00e0 un monde plus juste.<\/p>\n","protected":false},"excerpt":{"rendered":"<p>Cr\u00e9ez votre propre panier de produits \u00e9cologiques, \u00e9conomiques et \u00e9quitables [&hellip;]<\/p>\n","protected":false},"author":1,"featured_media":0,"parent":0,"menu_order":0,"comment_status":"closed","ping_status":"closed","template":"","meta":{"footnotes":""},"_links":{"self":[{"href":"https:\/\/cestlete.be\/index.php\/wp-json\/wp\/v2\/pages\/1619"}],"collection":[{"href":"https:\/\/cestlete.be\/index.php\/wp-json\/wp\/v2\/pages"}],"about":[{"href":"https:\/\/cestlete.be\/index.php\/wp-json\/wp\/v2\/types\/page"}],"author":[{"embeddable":true,"href":"https:\/\/cestlete.be\/index.php\/wp-json\/wp\/v2\/users\/1"}],"replies":[{"embeddable":true,"href":"https:\/\/cestlete.be\/index.php\/wp-json\/wp\/v2\/comments?post=1619"}],"version-history":[{"count":1,"href":"https:\/\/cestlete.be\/index.php\/wp-json\/wp\/v2\/pages\/1619\/revisions"}],"predecessor-version":[{"id":1620,"href":"https:\/\/cestlete.be\/index.php\/wp-json\/wp\/v2\/pages\/1619\/revisions\/1620"}],"wp:attachment":[{"href":"https:\/\/cestlete.be\/index.php\/wp-json\/wp\/v2\/media?parent=1619"}],"curies":[{"name":"wp","href":"https:\/\/api.w.org\/{rel}","templated":true}]}}