{"id":1630,"date":"2023-07-03T18:55:57","date_gmt":"2023-07-03T16:55:57","guid":{"rendered":"http:\/\/cestlete.be\/?page_id=1630"},"modified":"2023-07-03T18:55:57","modified_gmt":"2023-07-03T16:55:57","slug":"anglais-en-samusant","status":"publish","type":"page","link":"https:\/\/cestlete.be\/index.php\/anglais-en-samusant\/","title":{"rendered":"Anglais en s&rsquo;amusant"},"content":{"rendered":"\n<p>\ud83c\uddec\ud83c\udde7 \ud83c\udf89 Rejoignez notre stage d&rsquo;anglais en s&rsquo;amusant et d\u00e9couvrez une nouvelle approche de l&rsquo;apprentissage de l&rsquo;anglais dans une ambiance d\u00e9tendue et loin des pratiques scolaires habituelles ! \ud83c\udf1f<\/p>\n\n\n\n<p>Si vous recherchez une exp\u00e9rience d&rsquo;apprentissage ludique et interactive, ce stage est fait pour vous. Nous croyons fermement que l&rsquo;apprentissage de l&rsquo;anglais peut \u00eatre amusant et excitant, et nous avons pr\u00e9par\u00e9 une s\u00e9rie d&rsquo;activit\u00e9s captivantes pour vous aider \u00e0 d\u00e9velopper vos comp\u00e9tences linguistiques tout en vous amusant.<\/p>\n\n\n\n<p>Ce stage est propos\u00e9 en partenariat avec l&rsquo;<strong>ASBL ANAMA<\/strong><\/p>\n","protected":false},"excerpt":{"rendered":"<p>\ud83c\uddec\ud83c\udde7 \ud83c\udf89 Rejoignez notre stage d&rsquo;anglais en s&rsquo;amusant et d\u00e9couvrez [&hellip;]<\/p>\n","protected":false},"author":1,"featured_media":0,"parent":0,"menu_order":0,"comment_status":"closed","ping_status":"closed","template":"","meta":{"footnotes":""},"_links":{"self":[{"href":"https:\/\/cestlete.be\/index.php\/wp-json\/wp\/v2\/pages\/1630"}],"collection":[{"href":"https:\/\/cestlete.be\/index.php\/wp-json\/wp\/v2\/pages"}],"about":[{"href":"https:\/\/cestlete.be\/index.php\/wp-json\/wp\/v2\/types\/page"}],"author":[{"embeddable":true,"href":"https:\/\/cestlete.be\/index.php\/wp-json\/wp\/v2\/users\/1"}],"replies":[{"embeddable":true,"href":"https:\/\/cestlete.be\/index.php\/wp-json\/wp\/v2\/comments?post=1630"}],"version-history":[{"count":1,"href":"https:\/\/cestlete.be\/index.php\/wp-json\/wp\/v2\/pages\/1630\/revisions"}],"predecessor-version":[{"id":1631,"href":"https:\/\/cestlete.be\/index.php\/wp-json\/wp\/v2\/pages\/1630\/revisions\/1631"}],"wp:attachment":[{"href":"https:\/\/cestlete.be\/index.php\/wp-json\/wp\/v2\/media?parent=1630"}],"curies":[{"name":"wp","href":"https:\/\/api.w.org\/{rel}","templated":true}]}}