{"id":190,"date":"2017-05-30T12:55:09","date_gmt":"2017-05-30T10:55:09","guid":{"rendered":"http:\/\/cestlete.be\/?page_id=190"},"modified":"2020-06-16T15:13:01","modified_gmt":"2020-06-16T13:13:01","slug":"nature","status":"publish","type":"page","link":"https:\/\/cestlete.be\/index.php\/nature\/","title":{"rendered":"Nature"},"content":{"rendered":"<div class=\"page\" title=\"Page 4\">\n<div class=\"section\">\n<div class=\"layoutArea\">\n<div class=\"column\">\n<p>Durant la semaine de stage, les jeunes d\u00e9couvriront&nbsp; des activit\u00e9s sur le th\u00e8me de la nature (cadre nature\/balade nature\/cuisine sauvage\/cosm\u00e9tique naturel\/land art)<\/p>\n<p>Informations suppl\u00e9mentaires et inscriptions :&nbsp;069\/21.14.35 &#8211; 069\/21.59.73 &#8211;&nbsp;<a href=\"mailto:portouverte@gmail.com\">contact@portouverte.net<\/a><\/p>\n<\/div>\n<\/div>\n<\/div>\n<\/div>\n","protected":false},"excerpt":{"rendered":"<p>Durant la semaine de stage, les jeunes d\u00e9couvriront&nbsp; des activit\u00e9s [&hellip;]<\/p>\n","protected":false},"author":1,"featured_media":0,"parent":0,"menu_order":0,"comment_status":"closed","ping_status":"closed","template":"","meta":{"footnotes":""},"_links":{"self":[{"href":"https:\/\/cestlete.be\/index.php\/wp-json\/wp\/v2\/pages\/190"}],"collection":[{"href":"https:\/\/cestlete.be\/index.php\/wp-json\/wp\/v2\/pages"}],"about":[{"href":"https:\/\/cestlete.be\/index.php\/wp-json\/wp\/v2\/types\/page"}],"author":[{"embeddable":true,"href":"https:\/\/cestlete.be\/index.php\/wp-json\/wp\/v2\/users\/1"}],"replies":[{"embeddable":true,"href":"https:\/\/cestlete.be\/index.php\/wp-json\/wp\/v2\/comments?post=190"}],"version-history":[{"count":6,"href":"https:\/\/cestlete.be\/index.php\/wp-json\/wp\/v2\/pages\/190\/revisions"}],"predecessor-version":[{"id":982,"href":"https:\/\/cestlete.be\/index.php\/wp-json\/wp\/v2\/pages\/190\/revisions\/982"}],"wp:attachment":[{"href":"https:\/\/cestlete.be\/index.php\/wp-json\/wp\/v2\/media?parent=190"}],"curies":[{"name":"wp","href":"https:\/\/api.w.org\/{rel}","templated":true}]}}