{"id":254,"date":"2017-05-30T15:34:06","date_gmt":"2017-05-30T13:34:06","guid":{"rendered":"http:\/\/cestlete.be\/?page_id=254"},"modified":"2017-05-30T16:53:19","modified_gmt":"2017-05-30T14:53:19","slug":"incredible-edible-potager-urbain","status":"publish","type":"page","link":"https:\/\/cestlete.be\/index.php\/incredible-edible-potager-urbain\/","title":{"rendered":"Incredible Edible (Potager urbain)"},"content":{"rendered":"<p>Les enjeux environnementaux sont une des pr\u00e9occupations principales de nos jeunes \u00e0 l&rsquo;heure actuelle.<\/p>\n<p>Masure 14 est impliqu\u00e9e dans le recyclage depuis des ann\u00e9es et suite \u00e0 notre inscription \u00e0 la dynamique MJ Verte, Nous avons d\u00e9cid\u00e9 de mettre en place plusieurs ateliers et initiatives qui vont vers une consommation plus intelligente et un meilleur recyclage de nos d\u00e9chets. Beaucoup de gens pensent que c&rsquo;est aux industriels et aux politiques de changer les choses mais c&rsquo;est au contraire au niveau des consommateurs que ces changements doivent s&rsquo;op\u00e9rer. La mani\u00e8re la plus efficace de perdre des mauvaises habitudes et de ne pas les prendre d\u00e8s son plus jeune \u00e2ge.<\/p>\n<p>Incredible Edible c&rsquo;est avant tout des gens passionn\u00e9s \u0153uvrant ensemble pour un monde o\u00f9 tous partagent la responsabilit\u00e9 pour le bien-\u00eatre de notre plan\u00e8te et de nous-m\u00eame. Ils s&rsquo;engagent\u00a0\u00e0 vivre et partager l\u2019exp\u00e9rience anglaise des\u00a0<em><strong> <a title=\"Incredible Edible Todmorden\" href=\"http:\/\/www.incredible-edible-todmorden.co.uk\/localfood\/local-food\" target=\"_blank\" rel=\"noopener noreferrer\">incroyables comestibles de Todmorden.<\/a><\/strong><\/em><\/p>\n<p>La\u00a0motivation principale est de fournir l\u2019acc\u00e8s \u00e0 une bonne nourriture locale pour tous par le biais de :<br \/>\n<strong>\u2013 travailler ensemble<\/strong> en mutualisant nos actions au sein de coop\u00e9rations multiples et vari\u00e9es ;<br \/>\n<strong>\u2013 soutenir les apprentissages<\/strong> et le savoir-faire par la p\u00e9dagogie, de la culture \u00e0 la salle de classe, et de la salle de classe \u00e0 la cuisine ;<br \/>\n<strong>\u2013 dynamiser l\u2019\u00e9conomie locale<\/strong> et la cr\u00e9ativit\u00e9 de notre territoire.<\/p>\n<p>la motivation au niveau de <a href=\"https:\/\/www.facebook.com\/groups\/427496860639350\/\">Incredible Edible Tournai<\/a> est de\u00a0r\u00e9fl\u00e9chir \u00e0 l&rsquo;instauration d&rsquo;un ou plusieurs po<span class=\"text_exposed_show\">tagers collectifs (ainsi que des bacs) sur Tournai. Un projet a d\u00e9marr\u00e9 \u00e0 St Piat en partenariat avec le S\u00e9minaire. D&rsquo;autres projets \u00e0 plus petites \u00e9chelles ont lieu dans la ville ! Enfin, des g\u00e9n\u00e9reux propri\u00e9taires offrent des parcelles et on cherche des personnes motiv\u00e9es pour les entretenir&#8230; <\/span><\/p>\n<p>Le but du stage est d&rsquo;aider le collectif tournaisien dans ses activit\u00e9s de d\u00e9veloppement de ses potagers urbains, bacs \u00e0 compost, &#8230;<\/p>\n<p>Informations suppl\u00e9mentaires et inscriptions : <a href=\"http:\/\/www.masure14.be\/\">Masure 14.be<\/a> \u00a0069\/22.02.76 \u2013\u00a0<a href=\"mailto:dominique@masure14.be\">dominique@masure14.be<\/a><\/p>\n<p><em><strong>\u00a0<\/strong><\/em><\/p>\n","protected":false},"excerpt":{"rendered":"<p>Les enjeux environnementaux sont une des pr\u00e9occupations principales de nos [&hellip;]<\/p>\n","protected":false},"author":1,"featured_media":0,"parent":0,"menu_order":0,"comment_status":"closed","ping_status":"closed","template":"","meta":{"footnotes":""},"_links":{"self":[{"href":"https:\/\/cestlete.be\/index.php\/wp-json\/wp\/v2\/pages\/254"}],"collection":[{"href":"https:\/\/cestlete.be\/index.php\/wp-json\/wp\/v2\/pages"}],"about":[{"href":"https:\/\/cestlete.be\/index.php\/wp-json\/wp\/v2\/types\/page"}],"author":[{"embeddable":true,"href":"https:\/\/cestlete.be\/index.php\/wp-json\/wp\/v2\/users\/1"}],"replies":[{"embeddable":true,"href":"https:\/\/cestlete.be\/index.php\/wp-json\/wp\/v2\/comments?post=254"}],"version-history":[{"count":5,"href":"https:\/\/cestlete.be\/index.php\/wp-json\/wp\/v2\/pages\/254\/revisions"}],"predecessor-version":[{"id":274,"href":"https:\/\/cestlete.be\/index.php\/wp-json\/wp\/v2\/pages\/254\/revisions\/274"}],"wp:attachment":[{"href":"https:\/\/cestlete.be\/index.php\/wp-json\/wp\/v2\/media?parent=254"}],"curies":[{"name":"wp","href":"https:\/\/api.w.org\/{rel}","templated":true}]}}