{"id":343,"date":"2017-06-06T13:40:50","date_gmt":"2017-06-06T11:40:50","guid":{"rendered":"http:\/\/cestlete.be\/?page_id=343"},"modified":"2021-05-20T10:43:07","modified_gmt":"2021-05-20T08:43:07","slug":"peinture-sur-figurines","status":"publish","type":"page","link":"https:\/\/cestlete.be\/index.php\/peinture-sur-figurines\/","title":{"rendered":"Peinture sur figurines"},"content":{"rendered":"<p>\u00a0<\/p>\n<p>Cet atelier permet de s&rsquo;initier aux diff\u00e9rentes techniques utilis\u00e9es pour peindre les figurines qui agr\u00e9mentent les parties de jeux de r\u00f4les et le jeu de figurines. Les figurines ainsi que les d\u00e9cors permettent une meilleure immersion des joueurs et facilitent les actions de d\u00e9placement et la visualisation des distances.\u00a0<\/p>\n<p>Sous-couchage, couleur de base, diff\u00e9rentes couches, lavis, texture de socle, \u00e9claircissement mais aussi apprendre \u00e0 tenir son pinceau, diluer sa peinture, entretenir son mat\u00e9riel, &#8230;<\/p>\n<p>Le mat\u00e9riel est inclus mais vous avez la possibilit\u00e9 de venir avec le v\u00f4tre si vous le souhaitez.<\/p>\n<p>Informations suppl\u00e9mentaires et inscriptions : 069\/22.02.76 \u2013\u00a0<a href=\"mailto:dominique@masure14.be\">dominique@masure14.be<\/a><\/p>\n\n\n<figure class=\"wp-block-image size-large\"><img loading=\"lazy\" decoding=\"async\" width=\"1024\" height=\"1024\" src=\"http:\/\/cestlete.be\/wp-content\/uploads\/2021\/05\/IMG_2450-1024x1024.jpg\" alt=\"\" class=\"wp-image-1300\" srcset=\"https:\/\/cestlete.be\/wp-content\/uploads\/2021\/05\/IMG_2450-1024x1024.jpg 1024w, https:\/\/cestlete.be\/wp-content\/uploads\/2021\/05\/IMG_2450-400x400.jpg 400w, https:\/\/cestlete.be\/wp-content\/uploads\/2021\/05\/IMG_2450-150x150.jpg 150w, https:\/\/cestlete.be\/wp-content\/uploads\/2021\/05\/IMG_2450-768x768.jpg 768w, https:\/\/cestlete.be\/wp-content\/uploads\/2021\/05\/IMG_2450-1536x1536.jpg 1536w, https:\/\/cestlete.be\/wp-content\/uploads\/2021\/05\/IMG_2450-2048x2048.jpg 2048w, https:\/\/cestlete.be\/wp-content\/uploads\/2021\/05\/IMG_2450-830x830.jpg 830w, https:\/\/cestlete.be\/wp-content\/uploads\/2021\/05\/IMG_2450-230x230.jpg 230w, https:\/\/cestlete.be\/wp-content\/uploads\/2021\/05\/IMG_2450-350x350.jpg 350w, https:\/\/cestlete.be\/wp-content\/uploads\/2021\/05\/IMG_2450-480x480.jpg 480w\" sizes=\"(max-width: 1024px) 100vw, 1024px\" \/><\/figure>\n\n\n\n<figure class=\"wp-block-image size-large\"><img loading=\"lazy\" decoding=\"async\" width=\"720\" height=\"960\" src=\"http:\/\/cestlete.be\/wp-content\/uploads\/2021\/05\/95141035_2905465622901485_2805366427500937216_n.jpg\" alt=\"\" class=\"wp-image-1299\" srcset=\"https:\/\/cestlete.be\/wp-content\/uploads\/2021\/05\/95141035_2905465622901485_2805366427500937216_n.jpg 720w, https:\/\/cestlete.be\/wp-content\/uploads\/2021\/05\/95141035_2905465622901485_2805366427500937216_n-300x400.jpg 300w, https:\/\/cestlete.be\/wp-content\/uploads\/2021\/05\/95141035_2905465622901485_2805366427500937216_n-230x307.jpg 230w, https:\/\/cestlete.be\/wp-content\/uploads\/2021\/05\/95141035_2905465622901485_2805366427500937216_n-350x467.jpg 350w, https:\/\/cestlete.be\/wp-content\/uploads\/2021\/05\/95141035_2905465622901485_2805366427500937216_n-480x640.jpg 480w\" sizes=\"(max-width: 720px) 100vw, 720px\" \/><\/figure>\n\n\n\n<figure class=\"wp-block-image size-large\"><img loading=\"lazy\" decoding=\"async\" width=\"1024\" height=\"1024\" src=\"http:\/\/cestlete.be\/wp-content\/uploads\/2021\/05\/IMG_2482-1024x1024.jpg\" alt=\"\" class=\"wp-image-1301\" srcset=\"https:\/\/cestlete.be\/wp-content\/uploads\/2021\/05\/IMG_2482-1024x1024.jpg 1024w, https:\/\/cestlete.be\/wp-content\/uploads\/2021\/05\/IMG_2482-400x400.jpg 400w, https:\/\/cestlete.be\/wp-content\/uploads\/2021\/05\/IMG_2482-150x150.jpg 150w, https:\/\/cestlete.be\/wp-content\/uploads\/2021\/05\/IMG_2482-768x768.jpg 768w, https:\/\/cestlete.be\/wp-content\/uploads\/2021\/05\/IMG_2482-1536x1536.jpg 1536w, https:\/\/cestlete.be\/wp-content\/uploads\/2021\/05\/IMG_2482-2048x2048.jpg 2048w, https:\/\/cestlete.be\/wp-content\/uploads\/2021\/05\/IMG_2482-830x830.jpg 830w, https:\/\/cestlete.be\/wp-content\/uploads\/2021\/05\/IMG_2482-230x230.jpg 230w, https:\/\/cestlete.be\/wp-content\/uploads\/2021\/05\/IMG_2482-350x350.jpg 350w, https:\/\/cestlete.be\/wp-content\/uploads\/2021\/05\/IMG_2482-480x480.jpg 480w\" sizes=\"(max-width: 1024px) 100vw, 1024px\" \/><\/figure>\n\n\n\n<figure class=\"wp-block-image size-large\"><img loading=\"lazy\" decoding=\"async\" width=\"767\" height=\"1024\" src=\"http:\/\/cestlete.be\/wp-content\/uploads\/2021\/05\/2d8c1d2d435e115efef7bf5d3cb706d9-767x1024.jpg\" alt=\"\" class=\"wp-image-1305\" srcset=\"https:\/\/cestlete.be\/wp-content\/uploads\/2021\/05\/2d8c1d2d435e115efef7bf5d3cb706d9-767x1024.jpg 767w, https:\/\/cestlete.be\/wp-content\/uploads\/2021\/05\/2d8c1d2d435e115efef7bf5d3cb706d9-300x400.jpg 300w, https:\/\/cestlete.be\/wp-content\/uploads\/2021\/05\/2d8c1d2d435e115efef7bf5d3cb706d9-768x1025.jpg 768w, https:\/\/cestlete.be\/wp-content\/uploads\/2021\/05\/2d8c1d2d435e115efef7bf5d3cb706d9-1151x1536.jpg 1151w, https:\/\/cestlete.be\/wp-content\/uploads\/2021\/05\/2d8c1d2d435e115efef7bf5d3cb706d9-830x1107.jpg 830w, https:\/\/cestlete.be\/wp-content\/uploads\/2021\/05\/2d8c1d2d435e115efef7bf5d3cb706d9-230x307.jpg 230w, https:\/\/cestlete.be\/wp-content\/uploads\/2021\/05\/2d8c1d2d435e115efef7bf5d3cb706d9-350x467.jpg 350w, https:\/\/cestlete.be\/wp-content\/uploads\/2021\/05\/2d8c1d2d435e115efef7bf5d3cb706d9-480x640.jpg 480w, https:\/\/cestlete.be\/wp-content\/uploads\/2021\/05\/2d8c1d2d435e115efef7bf5d3cb706d9.jpg 1427w\" sizes=\"(max-width: 767px) 100vw, 767px\" \/><\/figure>\n","protected":false},"excerpt":{"rendered":"<p>\u00a0 Cet atelier permet de s&rsquo;initier aux diff\u00e9rentes techniques utilis\u00e9es [&hellip;]<\/p>\n","protected":false},"author":1,"featured_media":0,"parent":0,"menu_order":0,"comment_status":"closed","ping_status":"closed","template":"","meta":{"footnotes":""},"_links":{"self":[{"href":"https:\/\/cestlete.be\/index.php\/wp-json\/wp\/v2\/pages\/343"}],"collection":[{"href":"https:\/\/cestlete.be\/index.php\/wp-json\/wp\/v2\/pages"}],"about":[{"href":"https:\/\/cestlete.be\/index.php\/wp-json\/wp\/v2\/types\/page"}],"author":[{"embeddable":true,"href":"https:\/\/cestlete.be\/index.php\/wp-json\/wp\/v2\/users\/1"}],"replies":[{"embeddable":true,"href":"https:\/\/cestlete.be\/index.php\/wp-json\/wp\/v2\/comments?post=343"}],"version-history":[{"count":6,"href":"https:\/\/cestlete.be\/index.php\/wp-json\/wp\/v2\/pages\/343\/revisions"}],"predecessor-version":[{"id":1306,"href":"https:\/\/cestlete.be\/index.php\/wp-json\/wp\/v2\/pages\/343\/revisions\/1306"}],"wp:attachment":[{"href":"https:\/\/cestlete.be\/index.php\/wp-json\/wp\/v2\/media?parent=343"}],"curies":[{"name":"wp","href":"https:\/\/api.w.org\/{rel}","templated":true}]}}