{"id":55,"date":"2017-05-25T20:30:58","date_gmt":"2017-05-25T18:30:58","guid":{"rendered":"http:\/\/cestlete.be\/?page_id=55"},"modified":"2025-06-11T12:55:21","modified_gmt":"2025-06-11T10:55:21","slug":"stages","status":"publish","type":"page","link":"https:\/\/cestlete.be\/index.php\/stages\/","title":{"rendered":"Stages 2025"},"content":{"rendered":"\n<p><\/p>\n\n\n<h4><strong><span style=\"color: #ff6600;\">Du 7 au 11 juillet 2025\u00a0<\/span><\/strong><\/h4>\n<p>#1 | <strong><a href=\"http:\/\/cestlete.be\/index.php\/bande-dessinee\/\">Bande dessin\u00e9e<\/a><\/strong> | de 12 \u00e0 26 ans | de 14:00 \u00e0 18:00 | \u00e0 Port&rsquo;Ouverte<br \/>#2 l <strong>Cuisine du Monde<\/strong> | de 8 \u00e0 15 ans | de 14:00 \u00e0 17:00 | \u00e0 Luch&rsquo;Ouverte<br \/>#3 | <strong>Figurines<\/strong> (jeu, peinture, d\u00e9cors) | de 10 \u00e0 26 ans | de 10:00 \u00e0 18:00 | \u00e0 Masure 14<br \/>#4 | <strong>Multisport<\/strong> | de 8 \u00e0 12 ans | de 13:30 \u00e0 16:30 | \u00e0 Canal J<br \/>#5 | <a href=\"http:\/\/cestlete.be\/index.php\/initiation-skate\/\"><strong>Skate<\/strong><\/a> | de 10 \u00e0 26 ans | de 14:00 \u00e0 18:00 | \u00e0 Masure 14<br \/>#6 | Tufting | de 12 \u00e0 26 ans | de 14:00 \u00e0 18:00 | \u00e0 Masure 14<\/p>\n<h4><strong><span style=\"color: #ff6600;\">Du 14 au 18 juillet 2025\u00a0<\/span><\/strong><\/h4>\n<p>#7 | <strong><a href=\"http:\/\/cestlete.be\/index.php\/techniques-de-cirque\/\">Cirque (enfant)<\/a><\/strong> | de 6 \u00e0 10 ans | de 14:00 \u00e0 17:00 | \u00e0 Luch&rsquo;Ouverte<br \/>#8 | <a href=\"http:\/\/cestlete.be\/index.php\/cyclotour\/\"><strong>Cyclotour<\/strong><\/a> <em>stage v\u00e9lo + activit\u00e9s<\/em> | de 12 \u00e0 15 ans | de 13:30 \u00e0 17:30 | \u00e0 Canal J<br \/>#9 | <strong>DIY Couture et Cosm\u00e9tique<\/strong> | de 12 \u00e0 26 ans | de 14:00 \u00e0 17:00 | \u00e0 Port&rsquo;Ouverte<br \/>#10 | <strong>Nature et d\u00e9brouille<\/strong> | de 12 \u00e0 26 ans | <span style=\"color: #ff0000;\">Uniquement du 14 au 16.07<\/span> de 14:00 \u00e0 18:00 | \u00e0 Masure 14<br \/>#11 | <strong>R\u00e9sidence artistique musicale<\/strong> | de 12 \u00e0 26 ans | de 09:00 \u00e0 23:00 | \u00e0 Floreffe Par Masure 14 &amp; Port&rsquo;Ouverte<br \/>#12 | <strong>Sculpture<\/strong> | de 12 \u00e0 26 ans | de 10:00 \u00e0 16:00 | Par le Collectif C&rsquo;est l&rsquo;\u00e9t\u00e9<br \/>#13 | <strong>Th\u00e9\u00e2tre<\/strong> | de 12 \u00e0 26 ans | de 14:00 \u00e0 18:00 | \u00e0 Masure 14<\/p>\n<h4><strong><span style=\"color: #ff6600;\">Du 22 au 25 juillet 2025 (pas de stage le 21 juillet)<\/span><\/strong><\/h4>\n<p><span style=\"color: #ff0000;\"><span style=\"color: #000000;\">#14 | <strong>Camp Masure<\/strong> | de 12 \u00e0 26 ans | de 00:00 \u00e0 00:00 | \u00e0 Masure 14<br \/>#15 | <strong>Cuisine Z\u00e9ro d\u00e9chet<\/strong> | de 12 \u00e0 26 ans | de 14:00 \u00e0 17:00 | \u00e0 Port&rsquo;Ouverte<br \/>#16 | <strong>Explorateurs de la Nature<\/strong> | de 6 \u00e0 13 ans | de 14:00 \u00e0 18:00 | \u00e0 Luch&rsquo;Ouverte<br \/>#17 |\u00a0<a href=\"http:\/\/cestlete.be\/index.php\/jeu-de-role-po\/\"><strong>Jeu de r\u00f4le<\/strong><\/a> | de 10 \u00e0 26 ans | de 14:00 \u00e0 18:00 | \u00e0 Masure 14<br \/>#18 | <strong>Musique \u00e9lectronique<\/strong> | de 12 \u00e0 26 ans | de 14:00 \u00e0 18:00 | \u00e0 Masure 14<br \/>#19 | <strong>Robotique<\/strong> | de 12 \u00e0 26 ans | de 14:00 \u00e0 18:00 | \u00e0 Port&rsquo;Ouverte<br \/>#20 | <strong>Tambouroukaiis (Festir\u00f4le)<\/strong> | de 12 \u00e0 26 ans | de 14:00 \u00e0 18:00 | \u00e0 Masure 14<\/span><\/span><\/p>\n<h4><strong><span style=\"color: #ff6600;\">Du 28 juillet au 1er ao\u00fbt 2025\u00a0<\/span><\/strong><\/h4>\n<p><span style=\"color: #ff0000;\"><span style=\"color: #000000;\">#21 | <\/span><\/span><strong>Arts Plastique<\/strong> | de 12 \u00e0 26 ans | de 14:00 \u00e0 18:00 | \u00e0 Masure 14<br \/><span style=\"color: #ff0000;\"><span style=\"color: #000000;\">#22 | <\/span><\/span><strong>Batterie &amp; co.<\/strong> | de 10 \u00e0 26 ans | de 13:30 \u00e0 18:00 | \u00e0 Masure 14<br \/><span style=\"color: #ff0000;\"><span style=\"color: #000000;\">#23 | <\/span><\/span><strong>Cosm\u00e9tique<\/strong> | de 10 \u00e0 26 ans | <span style=\"color: #ff0000;\">Uniquement du 28 au 29.07<\/span> de 14:00 \u00e0 18:00 | \u00e0 Masure 14<br \/><span style=\"color: #ff0000;\"><span style=\"color: #000000;\">#24 | <\/span><\/span><strong><a href=\"http:\/\/cestlete.be\/index.php\/construction-dun-geant\/\">Folklore<\/a><\/strong> | de 10 \u00e0 26 ans | de 14:00 \u00e0 18:00 | \u00e0 Masure 14<br \/><span style=\"color: #ff0000;\"><span style=\"color: #000000;\">#25 | <\/span><\/span><strong><a href=\"http:\/\/cestlete.be\/index.php\/fun-week\/\">Fun days<\/a><\/strong> | de 12 \u00e0 26 ans | de 00:00 \u00e0 00:00 | \u00e0 Port&rsquo;Ouverte &amp; Luch&rsquo;Ouverte |<span style=\"color: #ff0000;\"> 80,00 \u20ac<\/span><br \/><span style=\"color: #ff0000;\"><span style=\"color: #000000;\">#26 | <\/span><\/span><strong>R\u00eaves et aventures<\/strong> | de 6 \u00e0 12 ans | de 13:00 \u00e0 17:00 | \u00e0 Luch&rsquo;Ouverte<\/p>\n<h4><strong><span style=\"color: #ff6600;\">Du 4 au 8 ao\u00fbt 2025<\/span><\/strong><\/h4>\n<p><span style=\"color: #ff0000;\"><span style=\"color: #000000;\">#27 | <\/span><\/span><strong>Cr\u00e9-Art<\/strong> | de 8 \u00e0 15 ans | de 14:00 \u00e0 17:00 | \u00e0 Luch&rsquo;Ouverte<br \/><span style=\"color: #ff0000;\"><span style=\"color: #000000;\">#28 | <\/span><\/span><strong>Cr\u00e9ation Festir\u00f4le<\/strong> | de 12 \u00e0 26 ans | de 14:00 \u00e0 17:00 | \u00e0 Port&rsquo;Ouverte<br \/><span style=\"color: #ff0000;\"><span style=\"color: #000000;\">#29 | <\/span><\/span><strong>Gourmandises sans d\u00e9chet<\/strong> | de 12 \u00e0 26 ans | de 14:00 \u00e0 17:00 | \u00e0 Port&rsquo;Ouverte<br \/><span style=\"color: #ff0000;\"><span style=\"color: #000000;\">#30 | <strong>I<\/strong><\/span><\/span><strong>nitiation \u00e0 la cr\u00e9ation d&rsquo;un groupe<\/strong> | de 12 \u00e0 26 ans | de 14:00 \u00e0 18:00 | \u00e0 Masure 14<br \/><span style=\"color: #ff0000;\"><span style=\"color: #000000;\">#31 | <\/span><\/span><strong>Omnisport<\/strong> | de 12 \u00e0 26 ans | de 10:00 \u00e0 16:00 | \u00e0 Masure 14<br \/><span style=\"color: #ff0000;\"><span style=\"color: #000000;\">#32 | <\/span><\/span><strong>Stop Motion<\/strong> | de 12 \u00e0 26 ans | de 14:00 \u00e0 18:00 | \u00e0 Masure 14<\/p>\n<h4><strong><span style=\"color: #ff6600;\">Du 11 au 14 ao\u00fbt 2024 || \u26a0\ufe0f <\/span><span style=\"color: #ff6600;\"><em><span style=\"color: #ff0000;\">F\u00e9ri\u00e9 le 15<\/span><\/em><\/span><\/strong><\/h4>\n<p><span style=\"color: #ff0000;\"><span style=\"color: #000000;\">#33 | <\/span><\/span><a href=\"http:\/\/cestlete.be\/index.php\/camp-zero-dechet\/\"><strong>Camp nature et sans d\u00e9chet<\/strong><\/a> | \u00a0de 12 \u00e0 26 ans | <strong><span style=\"color: #ff0000;\">Du 11 au 16 ao\u00fbt inclus <\/span><\/strong>de 00:00 \u00e0 00:00 | \u00e0 Bertrix par <em>Port&rsquo;Ouverte<\/em> | <strong>CAMP PAYANT : 90\u20ac <\/strong><em>(intervention possible de votre mutuelle)<\/em><br \/><span style=\"color: #ff0000;\"><span style=\"color: #000000;\">#34 | <\/span><\/span><strong>Cr\u00e9ation d&rsquo;un Podcast<\/strong> | de 12 \u00e0 26 ans | de 14:00 \u00e0 18:00 | \u00e0 Masure 14<br \/><span style=\"color: #ff0000;\"><span style=\"color: #000000;\">#35 | <\/span><\/span><a href=\"http:\/\/cestlete.be\/index.php\/initiation-aux-echecs\/\"><strong>Initiation aux \u00e9checs<\/strong><\/a> | de 12 \u00e0 26 ans | de 14:00 \u00e0 17:00 | \u00e0 Port&rsquo;Ouverte<br \/><span style=\"color: #ff0000;\"><span style=\"color: #000000;\">#36 | <\/span><\/span><strong>Le monde des couleurs<\/strong> \u2013 stage cr\u00e9atif | de 8 \u00e0 26 ans | de 14:00 \u00e0 18:00 | \u00e0 Masure 14<br \/><span style=\"color: #ff0000;\"><span style=\"color: #000000;\">#37 | <\/span><\/span><strong>Murder Party<\/strong> | de 12 \u00e0 26 ans | de 10:00 \u00e0 18:00 | \u00e0 Masure 14<\/p>\n<h4><strong><span style=\"color: #ff6600;\">Du 19 au 23 ao\u00fbt 2024<\/span><span style=\"color: #ff6600;\">\u00a0<\/span><\/strong><\/h4>\n<p><span style=\"color: #ff0000;\"><span style=\"color: #000000;\">#38 | <\/span><\/span><strong>Construction de radeaux<\/strong> | de 12 \u00e0 26 ans | de 13:30 \u00e0 16:30 |par le Collectif C&rsquo;est l&rsquo;\u00e9t\u00e9<br \/><span style=\"color: #ff0000;\"><span style=\"color: #000000;\">#39 | <\/span><\/span><strong>DIY et couture<\/strong> | de 12 \u00e0 26 ans | de 14:00 \u00e0 18:00 | \u00e0 Masure 14<br \/><span style=\"color: #ff0000;\"><span style=\"color: #000000;\">#40 | <\/span><\/span><a href=\"http:\/\/cestlete.be\/index.php\/anglais-en-samusant\/\"><strong>Fun English<\/strong><\/a> | de 12 \u00e0 26 ans | de 14:00 \u00e0 17:00 | \u00e0 Port&rsquo;Ouverte<\/p>\n<h3 class=\"wp-block-heading\"><a href=\"http:\/\/cestlete.be\/wp-content\/uploads\/2025\/06\/WEB_Programme-cestlete2025.pdf\">T\u00e9l\u00e9charger le programme<\/a> | <a href=\"http:\/\/cestlete.be\/index.php\/contact\/\">Infos et inscription<\/a><\/h3>\n<p><!-- \/wp:heading --><\/p>\n<h6><em>*Participation requise au Festir\u00f4le<strong> le 23 septembre<\/strong>. Le Festir\u00f4le est un Festival de jeux de r\u00f4le organis\u00e9 <\/em><em>sur Tournai <\/em><em>par l&rsquo;asbl Festir\u00f4le.<\/em><\/h6>\n<p><!-- wp:image {\"id\":1648,\"sizeSlug\":\"full\",\"linkDestination\":\"none\"} --><\/p>\n<figure class=\"wp-block-image size-full\"><\/figure>\n<p><!-- \/wp:image --><\/p>","protected":false},"excerpt":{"rendered":"<p>Du 7 au 11 juillet 2025\u00a0 #1 | Bande dessin\u00e9e [&hellip;]<\/p>\n","protected":false},"author":1,"featured_media":0,"parent":0,"menu_order":0,"comment_status":"closed","ping_status":"closed","template":"","meta":{"footnotes":""},"_links":{"self":[{"href":"https:\/\/cestlete.be\/index.php\/wp-json\/wp\/v2\/pages\/55"}],"collection":[{"href":"https:\/\/cestlete.be\/index.php\/wp-json\/wp\/v2\/pages"}],"about":[{"href":"https:\/\/cestlete.be\/index.php\/wp-json\/wp\/v2\/types\/page"}],"author":[{"embeddable":true,"href":"https:\/\/cestlete.be\/index.php\/wp-json\/wp\/v2\/users\/1"}],"replies":[{"embeddable":true,"href":"https:\/\/cestlete.be\/index.php\/wp-json\/wp\/v2\/comments?post=55"}],"version-history":[{"count":191,"href":"https:\/\/cestlete.be\/index.php\/wp-json\/wp\/v2\/pages\/55\/revisions"}],"predecessor-version":[{"id":1709,"href":"https:\/\/cestlete.be\/index.php\/wp-json\/wp\/v2\/pages\/55\/revisions\/1709"}],"wp:attachment":[{"href":"https:\/\/cestlete.be\/index.php\/wp-json\/wp\/v2\/media?parent=55"}],"curies":[{"name":"wp","href":"https:\/\/api.w.org\/{rel}","templated":true}]}}