{"id":904,"date":"2019-06-11T12:59:45","date_gmt":"2019-06-11T10:59:45","guid":{"rendered":"http:\/\/cestlete.be\/?page_id=904"},"modified":"2022-05-31T23:49:22","modified_gmt":"2022-05-31T21:49:22","slug":"jeu-de-role-po","status":"publish","type":"page","link":"https:\/\/cestlete.be\/index.php\/jeu-de-role-po\/","title":{"rendered":"Jeu de r\u00f4le"},"content":{"rendered":"\n<p>Un jeu de r\u00f4le est une technique ou activit\u00e9, par laquelle une personne interpr\u00e8te le r\u00f4le d\u2019un personnage dans un environnement fictif. Les participants sont confront\u00e9s \u00e0 des sc\u00e8nes, situations ou sc\u00e9narios divers et vari\u00e9s.<\/p>\n\n\n\n<p>Dans ce jeu, les participants d\u00e9crivent par la parole, les actions de leur personnage, en se basant sur des r\u00e8gles de jeu. Le jeu de r\u00f4le est jou\u00e9 traditionnellement autour d\u2019une table (avec d\u00e9s, feuilles et crayon).<br>Interagir dans un temps, une \u00e9poque, des lieux, une culture \u00e9trang\u00e8re, ou une \u00e9poque r\u00e9volue, et ainsi permettre une p\u00e9dagogie active et une meilleure m\u00e9morisation.<\/p>\n\n\n\n<p>Il favorise l\u2019expression orale, le travail en groupe, l\u2019imagination, l\u2019\u00e9mancipation, le d\u00e9veloppement de soi et le m\u00e9lange des publics.<br>Le jeu de r\u00f4le est utilis\u00e9 comme m\u00e9thode d\u2019enseignement ou d\u2019animation p\u00e9dagogique dans certains pays comme par exemple le Danemark ou l\u2019Allemagne.<br><\/p>\n\n\n\n<p>Informations suppl\u00e9mentaires et inscriptions : <a href=\"mailto:dominique@masure14.be\">dominique@masure14.be<\/a> ou au 069\/22.02.76<\/p>\n\n\n\n<figure class=\"wp-block-gallery columns-3 is-cropped wp-block-gallery-1 is-layout-flex wp-block-gallery-is-layout-flex\"><ul class=\"blocks-gallery-grid\"><li class=\"blocks-gallery-item\"><figure><img loading=\"lazy\" decoding=\"async\" width=\"1024\" height=\"1024\" src=\"http:\/\/cestlete.be\/wp-content\/uploads\/2021\/05\/IMG_0076-1024x1024.jpg\" alt=\"\" data-id=\"1265\" data-full-url=\"http:\/\/cestlete.be\/wp-content\/uploads\/2021\/05\/IMG_0076-scaled.jpg\" data-link=\"http:\/\/cestlete.be\/index.php\/jeu-de-role-po\/img_0076\/\" class=\"wp-image-1265\" srcset=\"https:\/\/cestlete.be\/wp-content\/uploads\/2021\/05\/IMG_0076-1024x1024.jpg 1024w, https:\/\/cestlete.be\/wp-content\/uploads\/2021\/05\/IMG_0076-400x400.jpg 400w, https:\/\/cestlete.be\/wp-content\/uploads\/2021\/05\/IMG_0076-150x150.jpg 150w, https:\/\/cestlete.be\/wp-content\/uploads\/2021\/05\/IMG_0076-768x768.jpg 768w, https:\/\/cestlete.be\/wp-content\/uploads\/2021\/05\/IMG_0076-1536x1536.jpg 1536w, https:\/\/cestlete.be\/wp-content\/uploads\/2021\/05\/IMG_0076-2048x2048.jpg 2048w, https:\/\/cestlete.be\/wp-content\/uploads\/2021\/05\/IMG_0076-830x830.jpg 830w, https:\/\/cestlete.be\/wp-content\/uploads\/2021\/05\/IMG_0076-230x230.jpg 230w, https:\/\/cestlete.be\/wp-content\/uploads\/2021\/05\/IMG_0076-350x350.jpg 350w, https:\/\/cestlete.be\/wp-content\/uploads\/2021\/05\/IMG_0076-480x480.jpg 480w\" sizes=\"(max-width: 1024px) 100vw, 1024px\" \/><\/figure><\/li><li class=\"blocks-gallery-item\"><figure><img loading=\"lazy\" decoding=\"async\" width=\"1024\" height=\"1024\" src=\"http:\/\/cestlete.be\/wp-content\/uploads\/2021\/05\/IMG_0082-1024x1024.jpg\" alt=\"\" data-id=\"1266\" data-full-url=\"http:\/\/cestlete.be\/wp-content\/uploads\/2021\/05\/IMG_0082-scaled.jpg\" data-link=\"http:\/\/cestlete.be\/index.php\/jeu-de-role-po\/img_0082\/\" class=\"wp-image-1266\" srcset=\"https:\/\/cestlete.be\/wp-content\/uploads\/2021\/05\/IMG_0082-1024x1024.jpg 1024w, https:\/\/cestlete.be\/wp-content\/uploads\/2021\/05\/IMG_0082-400x400.jpg 400w, https:\/\/cestlete.be\/wp-content\/uploads\/2021\/05\/IMG_0082-150x150.jpg 150w, https:\/\/cestlete.be\/wp-content\/uploads\/2021\/05\/IMG_0082-768x768.jpg 768w, https:\/\/cestlete.be\/wp-content\/uploads\/2021\/05\/IMG_0082-1536x1536.jpg 1536w, https:\/\/cestlete.be\/wp-content\/uploads\/2021\/05\/IMG_0082-2048x2048.jpg 2048w, https:\/\/cestlete.be\/wp-content\/uploads\/2021\/05\/IMG_0082-830x830.jpg 830w, https:\/\/cestlete.be\/wp-content\/uploads\/2021\/05\/IMG_0082-230x230.jpg 230w, https:\/\/cestlete.be\/wp-content\/uploads\/2021\/05\/IMG_0082-350x350.jpg 350w, https:\/\/cestlete.be\/wp-content\/uploads\/2021\/05\/IMG_0082-480x480.jpg 480w\" sizes=\"(max-width: 1024px) 100vw, 1024px\" \/><\/figure><\/li><li class=\"blocks-gallery-item\"><figure><img loading=\"lazy\" decoding=\"async\" width=\"1024\" height=\"1024\" src=\"http:\/\/cestlete.be\/wp-content\/uploads\/2021\/05\/IMG_0083-1024x1024.jpg\" alt=\"\" data-id=\"1267\" data-full-url=\"http:\/\/cestlete.be\/wp-content\/uploads\/2021\/05\/IMG_0083-scaled.jpg\" data-link=\"http:\/\/cestlete.be\/index.php\/jeu-de-role-po\/img_0083\/\" class=\"wp-image-1267\" srcset=\"https:\/\/cestlete.be\/wp-content\/uploads\/2021\/05\/IMG_0083-1024x1024.jpg 1024w, https:\/\/cestlete.be\/wp-content\/uploads\/2021\/05\/IMG_0083-400x400.jpg 400w, https:\/\/cestlete.be\/wp-content\/uploads\/2021\/05\/IMG_0083-150x150.jpg 150w, https:\/\/cestlete.be\/wp-content\/uploads\/2021\/05\/IMG_0083-768x768.jpg 768w, https:\/\/cestlete.be\/wp-content\/uploads\/2021\/05\/IMG_0083-1536x1536.jpg 1536w, https:\/\/cestlete.be\/wp-content\/uploads\/2021\/05\/IMG_0083-2048x2048.jpg 2048w, https:\/\/cestlete.be\/wp-content\/uploads\/2021\/05\/IMG_0083-830x830.jpg 830w, https:\/\/cestlete.be\/wp-content\/uploads\/2021\/05\/IMG_0083-230x230.jpg 230w, https:\/\/cestlete.be\/wp-content\/uploads\/2021\/05\/IMG_0083-350x350.jpg 350w, https:\/\/cestlete.be\/wp-content\/uploads\/2021\/05\/IMG_0083-480x480.jpg 480w\" sizes=\"(max-width: 1024px) 100vw, 1024px\" \/><\/figure><\/li><\/ul><\/figure>\n","protected":false},"excerpt":{"rendered":"<p>Un jeu de r\u00f4le est une technique ou activit\u00e9, par [&hellip;]<\/p>\n","protected":false},"author":1,"featured_media":0,"parent":0,"menu_order":0,"comment_status":"closed","ping_status":"closed","template":"","meta":{"footnotes":""},"_links":{"self":[{"href":"https:\/\/cestlete.be\/index.php\/wp-json\/wp\/v2\/pages\/904"}],"collection":[{"href":"https:\/\/cestlete.be\/index.php\/wp-json\/wp\/v2\/pages"}],"about":[{"href":"https:\/\/cestlete.be\/index.php\/wp-json\/wp\/v2\/types\/page"}],"author":[{"embeddable":true,"href":"https:\/\/cestlete.be\/index.php\/wp-json\/wp\/v2\/users\/1"}],"replies":[{"embeddable":true,"href":"https:\/\/cestlete.be\/index.php\/wp-json\/wp\/v2\/comments?post=904"}],"version-history":[{"count":5,"href":"https:\/\/cestlete.be\/index.php\/wp-json\/wp\/v2\/pages\/904\/revisions"}],"predecessor-version":[{"id":1516,"href":"https:\/\/cestlete.be\/index.php\/wp-json\/wp\/v2\/pages\/904\/revisions\/1516"}],"wp:attachment":[{"href":"https:\/\/cestlete.be\/index.php\/wp-json\/wp\/v2\/media?parent=904"}],"curies":[{"name":"wp","href":"https:\/\/api.w.org\/{rel}","templated":true}]}}