{"id":989,"date":"2020-06-16T15:19:03","date_gmt":"2020-06-16T13:19:03","guid":{"rendered":"http:\/\/cestlete.be\/?page_id=989"},"modified":"2024-06-03T21:47:02","modified_gmt":"2024-06-03T19:47:02","slug":"robotique","status":"publish","type":"page","link":"https:\/\/cestlete.be\/index.php\/robotique\/","title":{"rendered":"Robotique"},"content":{"rendered":"\n<p>\ud83c\udf1f Rejoignez-nous pour un stage de robotique palpitant et construisez un panneau d&rsquo;affichage de score comme on en trouve dans les salles de sports\u2600\ufe0f<\/p>\n\n\n\n<p>D\u00e9veloppez vos comp\u00e9tences en programmation, en \u00e9lectronique et en design tout en vous amusant. Ne manquez pas cette occasion unique de cr\u00e9er votre propre chef-d&rsquo;\u0153uvre technologique! Inscrivez-vous d\u00e8s maintenant et plongez dans l&rsquo;univers fascinant de la robotique. \ud83c\udf1f<\/p>\n\n\n\n<h4 class=\"wp-block-heading\">\ud83d\ude80 Qu&rsquo;aller-vous apprendre ? <\/h4>\n\n\n\n<p>Programmation : D\u00e9couvrez les bases et les avanc\u00e9es de la programmation pour contr\u00f4ler votre panneau d&rsquo;affichage.<br>\u00c9lectronique : Apprenez \u00e0 assembler et \u00e0 configurer les composants \u00e9lectroniques essentiels.<br>Design et Fabrication : Concevez et r\u00e9alisez la structure de votre panneau d&rsquo;affichage.<br>Travail en \u00c9quipe : Collaborez avec d&rsquo;autres participants pour r\u00e9soudre des d\u00e9fis techniques et cr\u00e9atifs.<\/p>\n\n\n\n<h4 class=\"wp-block-heading\">\ud83c\udf89 Qui peut participer ?<\/h4>\n\n\n\n<p>Ce stage est ouvert \u00e0 tous les niveaux, que vous soyez d\u00e9butant ou avanc\u00e9. Il est id\u00e9al pour les adolescents, les \u00e9tudiants, les jeunes professionnels, et m\u00eame les amateurs de robotique souhaitant approfondir leurs connaissances.<\/p>\n\n\n\n<p>\u2728 Places limit\u00e9es, r\u00e9servez vite ! \u2728<\/p>\n\n\n\n<p><\/p>\n\n\n\n<h4 class=\"wp-block-heading\">Informations suppl\u00e9mentaires et inscriptions<\/h4>\n\n\n\n<p>069\/21.14.35 &#8211; <a href=\"mailto:constantin@portouverte.net\">constantin@portouverte.net<\/a><\/p>\n","protected":false},"excerpt":{"rendered":"<p>\ud83c\udf1f Rejoignez-nous pour un stage de robotique palpitant et construisez [&hellip;]<\/p>\n","protected":false},"author":1,"featured_media":0,"parent":0,"menu_order":0,"comment_status":"closed","ping_status":"closed","template":"","meta":{"footnotes":""},"_links":{"self":[{"href":"https:\/\/cestlete.be\/index.php\/wp-json\/wp\/v2\/pages\/989"}],"collection":[{"href":"https:\/\/cestlete.be\/index.php\/wp-json\/wp\/v2\/pages"}],"about":[{"href":"https:\/\/cestlete.be\/index.php\/wp-json\/wp\/v2\/types\/page"}],"author":[{"embeddable":true,"href":"https:\/\/cestlete.be\/index.php\/wp-json\/wp\/v2\/users\/1"}],"replies":[{"embeddable":true,"href":"https:\/\/cestlete.be\/index.php\/wp-json\/wp\/v2\/comments?post=989"}],"version-history":[{"count":10,"href":"https:\/\/cestlete.be\/index.php\/wp-json\/wp\/v2\/pages\/989\/revisions"}],"predecessor-version":[{"id":1672,"href":"https:\/\/cestlete.be\/index.php\/wp-json\/wp\/v2\/pages\/989\/revisions\/1672"}],"wp:attachment":[{"href":"https:\/\/cestlete.be\/index.php\/wp-json\/wp\/v2\/media?parent=989"}],"curies":[{"name":"wp","href":"https:\/\/api.w.org\/{rel}","templated":true}]}}